{"id":100,"date":"2015-02-26T12:03:35","date_gmt":"2015-02-26T12:03:35","guid":{"rendered":"http:\/\/tipographic.ro\/uj\/?page_id=7"},"modified":"2015-02-26T12:03:35","modified_gmt":"2015-02-26T12:03:35","slug":"info","status":"publish","type":"page","link":"https:\/\/www.tipographic.ro\/hu\/info\/","title":{"rendered":"Info"},"content":{"rendered":"<p>A Tipographic Kft. 1994-ben alakult meg. Jelenleg egy csikszeredai telephellyel rendelkez\u00fcnk, ahol \u00f6sszesen 30 f\u0151t foglalkoztatunk.<br \/>\nC\u00e9g\u00fcnk ir\u00e1nyelve, hogy a megrendel\u0151i ig\u00e9nyek r\u00e9szletes megismer\u00e9se ut\u00e1n, a lehet\u0151 legpontosabb munk\u00e1val, kifog\u00e1stalan k\u00e9szterm\u00e9ket ny\u00fajtsunk.<br \/>\nMunkat\u00e1rsaink magasfok\u00fa szakmai ismereteire \u00e9s gyakorlati tapasztalataira \u00e9p\u00edtve rugalmas \u00fczletpolitik\u00e1t folytatunk, \u00edgy a korszer\u0171 nyom\u00f3g\u00e9peink kapacit\u00e1s\u00e1t maxim\u00e1lisan haszn\u00e1ljuk ki.<\/p>\n<p>A megrendel\u00e9sek szakm\u00e1ban elfogadott gy\u00e1rt\u00e1si idej\u00e9hez k\u00e9pest r\u00f6videbb hat\u00e1rid\u0151vel, folyamatosan v\u00e1llalunk megb\u00edz\u00e1sokat. Ez\u00e9rt a nyomdai el\u0151k\u00e9sz\u00edt\u0151- tev\u00e9kenys\u00e9g\u00fcnket ennek megfelel\u0151en alak\u00edtottuk ki.<br \/>\nA hossz\u00fat\u00e1v\u00fa kapcsolatok ki\u00e9p\u00edt\u00e9se \u00e9rdek\u00e9ben, \u00fcgyfeleink r\u00e9sz\u00e9re olyan nyomtatv\u00e1ny- mintat\u00e1rat alak\u00edtottunk ki, amely lehet\u0151v\u00e9 teszi a megrendel\u00e9s gyors azonos\u00edt\u00e1s\u00e1t \u00e9s a gy\u00e1rt\u00e1s miel\u0151bbi megkezd\u00e9s\u00e9t.<\/p>\n","protected":false},"excerpt":{"rendered":"<p>A Tipographic Kft. 1994-ben alakult meg. Jelenleg egy csikszeredai telephellyel rendelkez\u00fcnk, ahol \u00f6sszesen 30 f\u0151t foglalkoztatunk. C\u00e9g\u00fcnk ir\u00e1nyelve, hogy a megrendel\u0151i ig\u00e9nyek r\u00e9szletes megismer\u00e9se ut\u00e1n, a lehet\u0151 legpontosabb munk\u00e1val, kifog\u00e1stalan k\u00e9szterm\u00e9ket ny\u00fajtsunk. Munkat\u00e1rsaink magasfok\u00fa szakmai ismereteire \u00e9s gyakorlati tapasztalataira \u00e9p\u00edtve rugalmas \u00fczletpolitik\u00e1t folytatunk, \u00edgy a korszer\u0171 nyom\u00f3g\u00e9peink kapacit\u00e1s\u00e1t maxim\u00e1lisan haszn\u00e1ljuk ki. A megrendel\u00e9sek szakm\u00e1ban elfogadott<a href=\"https:\/\/www.tipographic.ro\/hu\/info\/\">[&#8230;]<\/a><\/p>\n","protected":false},"author":1,"featured_media":0,"parent":0,"menu_order":0,"comment_status":"closed","ping_status":"open","template":"template-fullwidth.php","meta":{"footnotes":""},"_links":{"self":[{"href":"https:\/\/www.tipographic.ro\/hu\/wp-json\/wp\/v2\/pages\/100"}],"collection":[{"href":"https:\/\/www.tipographic.ro\/hu\/wp-json\/wp\/v2\/pages"}],"about":[{"href":"https:\/\/www.tipographic.ro\/hu\/wp-json\/wp\/v2\/types\/page"}],"author":[{"embeddable":true,"href":"https:\/\/www.tipographic.ro\/hu\/wp-json\/wp\/v2\/users\/1"}],"replies":[{"embeddable":true,"href":"https:\/\/www.tipographic.ro\/hu\/wp-json\/wp\/v2\/comments?post=100"}],"version-history":[{"count":0,"href":"https:\/\/www.tipographic.ro\/hu\/wp-json\/wp\/v2\/pages\/100\/revisions"}],"wp:attachment":[{"href":"https:\/\/www.tipographic.ro\/hu\/wp-json\/wp\/v2\/media?parent=100"}],"curies":[{"name":"wp","href":"https:\/\/api.w.org\/{rel}","templated":true}]}}