{"id":14,"date":"2015-02-26T12:09:10","date_gmt":"2015-02-26T12:09:10","guid":{"rendered":"http:\/\/tipographic.ro\/uj\/?page_id=14"},"modified":"2015-02-26T12:09:10","modified_gmt":"2015-02-26T12:09:10","slug":"tevekenyseg","status":"publish","type":"page","link":"https:\/\/www.tipographic.ro\/hu\/tevekenyseg\/","title":{"rendered":"Tev\u00e9kenys\u00e9g"},"content":{"rendered":"<p><strong>Szolg\u00e1ltat\u00e1saink:<\/strong><\/p>\n<p>&#8211; Nyomdaipari term\u00e9kek gy\u00e1rt\u00e1sa<br \/>\n&#8211; Nyomdaipari szolg\u00e1ltat\u00e1s<br \/>\n&#8211; Nyomdai el\u0151k\u00e9sz\u00edt\u00e9s, sz\u00ednbont\u00e1s, levil\u00e1g\u00edt\u00e1s<\/p>\n<p>Nyomdaipari term\u00e9kek teljesk\u00f6r\u0171 gy\u00e1rt\u00e1s\u00e1val foglalkozunk. Nyom\u00f3g\u00e9peink alkalmasak 61&#215;86 cm m\u00e9ret\u0171, b\u00e1rmilyen jelleg\u0171 egy- \u00e9s t\u00f6bbsz\u00edn\u0171 munka elk\u00e9sz\u00edt\u00e9s\u00e9re. A nyomdai munk\u00e1t v\u00e1g\u00f3-, t\u0171z\u0151-, kieg\u00e9sz\u00edt\u0151 \u00e9s kiseg\u00edt\u0151g\u00e9pek seg\u00edtik.<\/p>\n<p><a href=\"http:\/\/tipographic.ro\/hu\/wp-content\/uploads\/sites\/4\/2015\/03\/DSC00030.jpg\"><img decoding=\"async\" class=\" size-medium wp-image-68 alignleft\" style=\"float: left\" src=\"http:\/\/tipographic.ro\/hu\/wp-content\/uploads\/sites\/4\/2015\/03\/DSC00030-300x225.jpg\" alt=\"DSC00030\" width=\"45%\" srcset=\"https:\/\/www.tipographic.ro\/hu\/wp-content\/uploads\/sites\/4\/2015\/03\/DSC00030-300x225.jpg 300w, https:\/\/www.tipographic.ro\/hu\/wp-content\/uploads\/sites\/4\/2015\/03\/DSC00030-1024x768.jpg 1024w, https:\/\/www.tipographic.ro\/hu\/wp-content\/uploads\/sites\/4\/2015\/03\/DSC00030-285x214.jpg 285w\" sizes=\"(max-width: 300px) 100vw, 300px\" \/><\/a><\/p>\n<p><a href=\"http:\/\/tipographic.ro\/hu\/wp-content\/uploads\/sites\/4\/2015\/03\/DSC00029.jpg\"><img decoding=\"async\" class=\"alignnone size-medium wp-image-67\" style=\"float: left\" src=\"http:\/\/tipographic.ro\/hu\/wp-content\/uploads\/sites\/4\/2015\/03\/DSC00029-300x237.jpg\" alt=\"DSC00029\" width=\"45%\" srcset=\"https:\/\/www.tipographic.ro\/hu\/wp-content\/uploads\/sites\/4\/2015\/03\/DSC00029-300x237.jpg 300w, https:\/\/www.tipographic.ro\/hu\/wp-content\/uploads\/sites\/4\/2015\/03\/DSC00029-1024x809.jpg 1024w\" sizes=\"(max-width: 300px) 100vw, 300px\" \/><\/a><br \/>\nFoglalkozunk tov\u00e1bb\u00e1 k\u00f6nyvek, katal\u00f3gusok, prospektusok, c\u00edmk\u00e9k gy\u00e1rt\u00e1s\u00e1val, alapanyagt\u00f3l (pap\u00edr, \u00f6ntapad\u00f3) f\u00fcggetlen\u00fcl, \u00e9s v\u00e1llaljuk k\u00fcl\u00f6nleges kivitel\u0171 reprezent\u00e1ci\u00f3s anyagok egysz\u00edn\u0171 vagy t\u00f6bbsz\u00edn\u0171 kivitelez\u00e9s\u00e9t is.<br \/>\nGy\u00e1rtunk \u00fcgyviteli nyomtatv\u00e1nyokat, c\u00e9ges lev\u00e9lpap\u00edrokat, bor\u00edt\u00e9kokat. Ezek leporell\u00f3 vagy sorsz\u00e1mozott kivitelben is k\u00e9sz\u00fclhetnek<br \/>\nDokumentumokat k\u00f6t\u00fcnk b\u0151rbe, m\u0171b\u0151rbe.<br \/>\nK\u00e9sz\u00edt\u00fcnk m\u00e9g pecs\u00e9teket, igazolv\u00e1nyokat, kit\u0171z\u0151ket.<\/p>\n","protected":false},"excerpt":{"rendered":"<p>Szolg\u00e1ltat\u00e1saink: &#8211; Nyomdaipari term\u00e9kek gy\u00e1rt\u00e1sa &#8211; Nyomdaipari szolg\u00e1ltat\u00e1s &#8211; Nyomdai el\u0151k\u00e9sz\u00edt\u00e9s, sz\u00ednbont\u00e1s, levil\u00e1g\u00edt\u00e1s Nyomdaipari term\u00e9kek teljesk\u00f6r\u0171 gy\u00e1rt\u00e1s\u00e1val foglalkozunk. Nyom\u00f3g\u00e9peink alkalmasak 61&#215;86 cm m\u00e9ret\u0171, b\u00e1rmilyen jelleg\u0171 egy- \u00e9s t\u00f6bbsz\u00edn\u0171 munka elk\u00e9sz\u00edt\u00e9s\u00e9re. A nyomdai munk\u00e1t v\u00e1g\u00f3-, t\u0171z\u0151-, kieg\u00e9sz\u00edt\u0151 \u00e9s kiseg\u00edt\u0151g\u00e9pek seg\u00edtik. Foglalkozunk tov\u00e1bb\u00e1 k\u00f6nyvek, katal\u00f3gusok, prospektusok, c\u00edmk\u00e9k gy\u00e1rt\u00e1s\u00e1val, alapanyagt\u00f3l (pap\u00edr, \u00f6ntapad\u00f3) f\u00fcggetlen\u00fcl, \u00e9s v\u00e1llaljuk k\u00fcl\u00f6nleges kivitel\u0171 reprezent\u00e1ci\u00f3s<a href=\"https:\/\/www.tipographic.ro\/hu\/tevekenyseg\/\">[&#8230;]<\/a><\/p>\n","protected":false},"author":1,"featured_media":0,"parent":0,"menu_order":0,"comment_status":"closed","ping_status":"open","template":"template-fullwidth.php","meta":{"footnotes":""},"_links":{"self":[{"href":"https:\/\/www.tipographic.ro\/hu\/wp-json\/wp\/v2\/pages\/14"}],"collection":[{"href":"https:\/\/www.tipographic.ro\/hu\/wp-json\/wp\/v2\/pages"}],"about":[{"href":"https:\/\/www.tipographic.ro\/hu\/wp-json\/wp\/v2\/types\/page"}],"author":[{"embeddable":true,"href":"https:\/\/www.tipographic.ro\/hu\/wp-json\/wp\/v2\/users\/1"}],"replies":[{"embeddable":true,"href":"https:\/\/www.tipographic.ro\/hu\/wp-json\/wp\/v2\/comments?post=14"}],"version-history":[{"count":0,"href":"https:\/\/www.tipographic.ro\/hu\/wp-json\/wp\/v2\/pages\/14\/revisions"}],"wp:attachment":[{"href":"https:\/\/www.tipographic.ro\/hu\/wp-json\/wp\/v2\/media?parent=14"}],"curies":[{"name":"wp","href":"https:\/\/api.w.org\/{rel}","templated":true}]}}